{"id":1102,"date":"2025-04-15T13:04:48","date_gmt":"2025-04-15T13:04:48","guid":{"rendered":"https:\/\/tauchschule-bayern.de\/wordpress\/?post_type=product&#038;p=1102"},"modified":"2025-07-08T10:11:41","modified_gmt":"2025-07-08T10:11:41","slug":"tds-traegershirt-thermo-d","status":"publish","type":"product","link":"https:\/\/tauchschule-bayern.de\/wordpress\/produkt\/tds-traegershirt-thermo-d\/","title":{"rendered":"TDS Tr\u00e4gershirt Thermo 2,5mm Damen"},"content":{"rendered":"<div class=\"product__description rte quick-add-hidden\">\n<div class=\"product__description rte quick-add-hidden\">\n<p>W\u00e4rmeshirt aus elastischem Neopren, 2,5 mm dick, au\u00dfen mit Nylonfutter und glatter, rutschbarer Innenbereich f\u00fcr mehr Komfort beim Anziehen und mehr W\u00e4rmekraft.<\/p>\n<p>Ideal f\u00fcr den Einsatz in nassen und halbtrockenen Tauchanz\u00fcgen, um den W\u00e4rmeschutz in k\u00e4lteren Zeiten zu erh\u00f6hen. Es kann auch im Wassersport (Surfen, Jetski, Kitesufr&#8230;etc) und beim Schnorcheln verwendet werden.<\/p>\n<\/div>\n<\/div>\n","protected":false},"excerpt":{"rendered":"<div class=\"product__description rte quick-add-hidden\">\n<div class=\"product__description rte quick-add-hidden\">\n<p>W\u00e4rmeshirt aus elastischem Neopren, 2,5 mm dick, au\u00dfen mit Nylonfutter und glatter, rutschbarer Innenbereich f\u00fcr mehr Komfort beim Anziehen und mehr W\u00e4rmekraft.<\/p>\n<p>Ideal f\u00fcr den Einsatz in\u00a0nassen\u00a0und halbtrockenen Tauchanz\u00fcgen, um den W\u00e4rmeschutz in k\u00e4lteren Zeiten zu erh\u00f6hen. Es kann auch im Wassersport (Surfen, Jetski, Kitesufr&#8230;etc) und beim Schnorcheln verwendet werden<\/p>\n<\/div>\n<p>&nbsp;<\/p>\n<\/div>\n<p>Bestellware: Lieferzeit 7-10 Tage!<\/p>\n","protected":false},"featured_media":1110,"comment_status":"open","ping_status":"closed","template":"","meta":{"ocean_post_layout":"","ocean_both_sidebars_style":"","ocean_both_sidebars_content_width":0,"ocean_both_sidebars_sidebars_width":0,"ocean_sidebar":"","ocean_second_sidebar":"","ocean_disable_margins":"enable","ocean_add_body_class":"","ocean_shortcode_before_top_bar":"","ocean_shortcode_after_top_bar":"","ocean_shortcode_before_header":"","ocean_shortcode_after_header":"","ocean_has_shortcode":"","ocean_shortcode_after_title":"","ocean_shortcode_before_footer_widgets":"","ocean_shortcode_after_footer_widgets":"","ocean_shortcode_before_footer_bottom":"","ocean_shortcode_after_footer_bottom":"","ocean_display_top_bar":"default","ocean_display_header":"default","ocean_header_style":"","ocean_center_header_left_menu":"","ocean_custom_header_template":"","ocean_custom_logo":0,"ocean_custom_retina_logo":0,"ocean_custom_logo_max_width":0,"ocean_custom_logo_tablet_max_width":0,"ocean_custom_logo_mobile_max_width":0,"ocean_custom_logo_max_height":0,"ocean_custom_logo_tablet_max_height":0,"ocean_custom_logo_mobile_max_height":0,"ocean_header_custom_menu":"","ocean_menu_typo_font_family":"","ocean_menu_typo_font_subset":"","ocean_menu_typo_font_size":0,"ocean_menu_typo_font_size_tablet":0,"ocean_menu_typo_font_size_mobile":0,"ocean_menu_typo_font_size_unit":"px","ocean_menu_typo_font_weight":"","ocean_menu_typo_font_weight_tablet":"","ocean_menu_typo_font_weight_mobile":"","ocean_menu_typo_transform":"","ocean_menu_typo_transform_tablet":"","ocean_menu_typo_transform_mobile":"","ocean_menu_typo_line_height":0,"ocean_menu_typo_line_height_tablet":0,"ocean_menu_typo_line_height_mobile":0,"ocean_menu_typo_line_height_unit":"","ocean_menu_typo_spacing":0,"ocean_menu_typo_spacing_tablet":0,"ocean_menu_typo_spacing_mobile":0,"ocean_menu_typo_spacing_unit":"","ocean_menu_link_color":"","ocean_menu_link_color_hover":"","ocean_menu_link_color_active":"","ocean_menu_link_background":"","ocean_menu_link_hover_background":"","ocean_menu_link_active_background":"","ocean_menu_social_links_bg":"","ocean_menu_social_hover_links_bg":"","ocean_menu_social_links_color":"","ocean_menu_social_hover_links_color":"","ocean_disable_title":"default","ocean_disable_heading":"default","ocean_post_title":"","ocean_post_subheading":"","ocean_post_title_style":"","ocean_post_title_background_color":"","ocean_post_title_background":0,"ocean_post_title_bg_image_position":"","ocean_post_title_bg_image_attachment":"","ocean_post_title_bg_image_repeat":"","ocean_post_title_bg_image_size":"","ocean_post_title_height":0,"ocean_post_title_bg_overlay":0.5,"ocean_post_title_bg_overlay_color":"","ocean_disable_breadcrumbs":"default","ocean_breadcrumbs_color":"","ocean_breadcrumbs_separator_color":"","ocean_breadcrumbs_links_color":"","ocean_breadcrumbs_links_hover_color":"","ocean_display_footer_widgets":"default","ocean_display_footer_bottom":"default","ocean_custom_footer_template":""},"product_brand":[],"product_cat":[15,107,145,227],"product_tag":[],"class_list":{"0":"post-1102","1":"product","2":"type-product","3":"status-publish","4":"has-post-thumbnail","6":"product_cat-alle-produkte","7":"product_cat-anzuege","8":"product_cat-nuetzlich-und-hilfreich","9":"product_cat-unterzieher","10":"product_shipping_class-bis-5-kg","12":"entry","13":"has-media","15":"first","16":"instock","17":"taxable","18":"shipping-taxable","19":"purchasable","20":"product-type-variable","21":"has-product-nav","22":"col","23":"span_1_of_3","24":"owp-content-center","25":"owp-thumbs-layout-horizontal","26":"owp-btn-normal","27":"owp-tabs-layout-horizontal","28":"has-no-thumbnails"},"jetpack_sharing_enabled":true,"_links":{"self":[{"href":"https:\/\/tauchschule-bayern.de\/wordpress\/wp-json\/wp\/v2\/product\/1102","targetHints":{"allow":["GET"]}}],"collection":[{"href":"https:\/\/tauchschule-bayern.de\/wordpress\/wp-json\/wp\/v2\/product"}],"about":[{"href":"https:\/\/tauchschule-bayern.de\/wordpress\/wp-json\/wp\/v2\/types\/product"}],"replies":[{"embeddable":true,"href":"https:\/\/tauchschule-bayern.de\/wordpress\/wp-json\/wp\/v2\/comments?post=1102"}],"wp:featuredmedia":[{"embeddable":true,"href":"https:\/\/tauchschule-bayern.de\/wordpress\/wp-json\/wp\/v2\/media\/1110"}],"wp:attachment":[{"href":"https:\/\/tauchschule-bayern.de\/wordpress\/wp-json\/wp\/v2\/media?parent=1102"}],"wp:term":[{"taxonomy":"product_brand","embeddable":true,"href":"https:\/\/tauchschule-bayern.de\/wordpress\/wp-json\/wp\/v2\/product_brand?post=1102"},{"taxonomy":"product_cat","embeddable":true,"href":"https:\/\/tauchschule-bayern.de\/wordpress\/wp-json\/wp\/v2\/product_cat?post=1102"},{"taxonomy":"product_tag","embeddable":true,"href":"https:\/\/tauchschule-bayern.de\/wordpress\/wp-json\/wp\/v2\/product_tag?post=1102"}],"curies":[{"name":"wp","href":"https:\/\/api.w.org\/{rel}","templated":true}]}}