{"id":122,"date":"2025-03-24T17:33:02","date_gmt":"2025-03-24T17:33:02","guid":{"rendered":"https:\/\/tauchschule-bayern.de\/wordpress\/?post_type=product&#038;p=122"},"modified":"2025-07-08T10:19:24","modified_gmt":"2025-07-08T10:19:24","slug":"tds-maske-mistral","status":"publish","type":"product","link":"https:\/\/tauchschule-bayern.de\/wordpress\/produkt\/tds-maske-mistral\/","title":{"rendered":"TDS Maske Mistral"},"content":{"rendered":"<p>Technische Details:<\/p>\n<p>Der &#8222;Allrounder&#8220; in der Maskenwelt.<\/p>\n<p>Die hervorragende Passform und der weicher Maskenk\u00f6rper mit Dichtlippe bieten eine saubere Abdichtung auch bei &#8222;schwierigeren&#8220; Gesichtsformen.<\/p>\n<p>Klassische Zweiglasmaske mit wechselbaren Gl\u00e4sern.<\/p>\n<p>Optional: Optische Gl\u00e4ser in verschiedenen St\u00e4rken im Minus und Plus Dioptrien-Bereich.<\/p>\n","protected":false},"excerpt":{"rendered":"<div class=\"wb-store-field\">\n<div class=\"wb-store-label\">Die TDS Mistral ist eine der legend\u00e4rsten Masken in der TDS-Kollektion und kombiniert traditionelles Design mit modernen Funktionen. Jetzt mit einem neuen, verstellbaren Riemensystem ausgestattet, bietet die Maske eine hervorragende Passform f\u00fcr komfortable Tauchg\u00e4nge.<\/div>\n<\/div>\n<div>\n<p>Das zeitlose Design mit zwei unabh\u00e4ngigen Linsen sorgt f\u00fcr klare Sicht und zuverl\u00e4ssige Leistung. F\u00fcr Brillentr\u00e4ger besteht die M\u00f6glichkeit, die Standardgl\u00e4ser optional durch optische Gl\u00e4ser zu ersetzen \u2013 f\u00fcr perfekte Sicht auch unter Wasser. Das weiche Silikonband l\u00e4sst sich individuell anpassen, und die abnehmbaren Befestigungsschnallen erm\u00f6glichen ein schnelles und einfaches Handling. Zudem bietet der rutschfeste Nasenbereich zus\u00e4tzlichen Komfort und Sicherheit.<\/p>\n<p><em>Bestellware: Lieferung ca. 7-10 Tage nach Bestellung!<\/em><\/p>\n<\/div>\n<p>&nbsp;<\/p>\n","protected":false},"featured_media":129,"comment_status":"open","ping_status":"closed","template":"","meta":{"ocean_post_layout":"","ocean_both_sidebars_style":"","ocean_both_sidebars_content_width":0,"ocean_both_sidebars_sidebars_width":0,"ocean_sidebar":"","ocean_second_sidebar":"","ocean_disable_margins":"enable","ocean_add_body_class":"","ocean_shortcode_before_top_bar":"","ocean_shortcode_after_top_bar":"","ocean_shortcode_before_header":"","ocean_shortcode_after_header":"","ocean_has_shortcode":"","ocean_shortcode_after_title":"","ocean_shortcode_before_footer_widgets":"","ocean_shortcode_after_footer_widgets":"","ocean_shortcode_before_footer_bottom":"","ocean_shortcode_after_footer_bottom":"","ocean_display_top_bar":"default","ocean_display_header":"default","ocean_header_style":"","ocean_center_header_left_menu":"","ocean_custom_header_template":"","ocean_custom_logo":0,"ocean_custom_retina_logo":0,"ocean_custom_logo_max_width":0,"ocean_custom_logo_tablet_max_width":0,"ocean_custom_logo_mobile_max_width":0,"ocean_custom_logo_max_height":0,"ocean_custom_logo_tablet_max_height":0,"ocean_custom_logo_mobile_max_height":0,"ocean_header_custom_menu":"","ocean_menu_typo_font_family":"","ocean_menu_typo_font_subset":"","ocean_menu_typo_font_size":0,"ocean_menu_typo_font_size_tablet":0,"ocean_menu_typo_font_size_mobile":0,"ocean_menu_typo_font_size_unit":"px","ocean_menu_typo_font_weight":"","ocean_menu_typo_font_weight_tablet":"","ocean_menu_typo_font_weight_mobile":"","ocean_menu_typo_transform":"","ocean_menu_typo_transform_tablet":"","ocean_menu_typo_transform_mobile":"","ocean_menu_typo_line_height":0,"ocean_menu_typo_line_height_tablet":0,"ocean_menu_typo_line_height_mobile":0,"ocean_menu_typo_line_height_unit":"","ocean_menu_typo_spacing":0,"ocean_menu_typo_spacing_tablet":0,"ocean_menu_typo_spacing_mobile":0,"ocean_menu_typo_spacing_unit":"","ocean_menu_link_color":"","ocean_menu_link_color_hover":"","ocean_menu_link_color_active":"","ocean_menu_link_background":"","ocean_menu_link_hover_background":"","ocean_menu_link_active_background":"","ocean_menu_social_links_bg":"","ocean_menu_social_hover_links_bg":"","ocean_menu_social_links_color":"","ocean_menu_social_hover_links_color":"","ocean_disable_title":"default","ocean_disable_heading":"default","ocean_post_title":"","ocean_post_subheading":"","ocean_post_title_style":"","ocean_post_title_background_color":"","ocean_post_title_background":0,"ocean_post_title_bg_image_position":"","ocean_post_title_bg_image_attachment":"","ocean_post_title_bg_image_repeat":"","ocean_post_title_bg_image_size":"","ocean_post_title_height":0,"ocean_post_title_bg_overlay":0.5,"ocean_post_title_bg_overlay_color":"","ocean_disable_breadcrumbs":"default","ocean_breadcrumbs_color":"","ocean_breadcrumbs_separator_color":"","ocean_breadcrumbs_links_color":"","ocean_breadcrumbs_links_hover_color":"","ocean_display_footer_widgets":"default","ocean_display_footer_bottom":"default","ocean_custom_footer_template":""},"product_brand":[51],"product_cat":[15,40],"product_tag":[48,45,43,42,44,47,21],"class_list":{"0":"post-122","1":"product","2":"type-product","3":"status-publish","4":"has-post-thumbnail","6":"product_brand-tds_technicaldivingsystems","7":"product_cat-alle-produkte","8":"product_cat-tauchmasken","9":"product_tag-brille","10":"product_tag-glaeser","11":"product_tag-maske","12":"product_tag-mistral","13":"product_tag-optisch","14":"product_tag-sehen","15":"product_tag-tds","16":"product_shipping_class-bis-1-kg-unversichert-ohne-tracking","18":"entry","19":"has-media","21":"first","22":"instock","23":"taxable","24":"shipping-taxable","25":"purchasable","26":"product-type-variable","27":"has-product-nav","28":"col","29":"span_1_of_3","30":"owp-content-center","31":"owp-thumbs-layout-horizontal","32":"owp-btn-normal","33":"owp-tabs-layout-horizontal"},"jetpack_sharing_enabled":true,"_links":{"self":[{"href":"https:\/\/tauchschule-bayern.de\/wordpress\/wp-json\/wp\/v2\/product\/122","targetHints":{"allow":["GET"]}}],"collection":[{"href":"https:\/\/tauchschule-bayern.de\/wordpress\/wp-json\/wp\/v2\/product"}],"about":[{"href":"https:\/\/tauchschule-bayern.de\/wordpress\/wp-json\/wp\/v2\/types\/product"}],"replies":[{"embeddable":true,"href":"https:\/\/tauchschule-bayern.de\/wordpress\/wp-json\/wp\/v2\/comments?post=122"}],"wp:featuredmedia":[{"embeddable":true,"href":"https:\/\/tauchschule-bayern.de\/wordpress\/wp-json\/wp\/v2\/media\/129"}],"wp:attachment":[{"href":"https:\/\/tauchschule-bayern.de\/wordpress\/wp-json\/wp\/v2\/media?parent=122"}],"wp:term":[{"taxonomy":"product_brand","embeddable":true,"href":"https:\/\/tauchschule-bayern.de\/wordpress\/wp-json\/wp\/v2\/product_brand?post=122"},{"taxonomy":"product_cat","embeddable":true,"href":"https:\/\/tauchschule-bayern.de\/wordpress\/wp-json\/wp\/v2\/product_cat?post=122"},{"taxonomy":"product_tag","embeddable":true,"href":"https:\/\/tauchschule-bayern.de\/wordpress\/wp-json\/wp\/v2\/product_tag?post=122"}],"curies":[{"name":"wp","href":"https:\/\/api.w.org\/{rel}","templated":true}]}}