{"id":798,"date":"2025-04-07T07:10:14","date_gmt":"2025-04-07T07:10:14","guid":{"rendered":"https:\/\/tauchschule-bayern.de\/wordpress\/?post_type=product&#038;p=798"},"modified":"2025-07-08T10:14:11","modified_gmt":"2025-07-08T10:14:11","slug":"tds-shorty-kozumel-h","status":"publish","type":"product","link":"https:\/\/tauchschule-bayern.de\/wordpress\/produkt\/tds-shorty-kozumel-h\/","title":{"rendered":"TDS Shorty Kozumel Herren"},"content":{"rendered":"<p>Mit einem dynamischen\u00a0Farbdesign und einer Dicke von 2,3 mm, ist dieser bequem und leicht.\u00a0Der Anzug\u00a0hat Thermo-Dynamic-Eins\u00e4tze auf Brust und R\u00fccken. Bereiche, in denen ein gr\u00f6\u00dferer Schutz erforderlich ist, sowohl vor Hitze als auch vor Abrieb.\u00a0Dar\u00fcber hinaus beg\u00fcnstigen diese Eins\u00e4tze ein schnelles Trocknen des Anzugs, da sein \u00e4u\u00dferer Gummiteil absolut wasserdicht ist.<\/p>\n<p>Der Kozumel ist ideal f\u00fcr reisende Taucher, die in warme oder tropische Gew\u00e4sser gehen und einen umfassenden Abriebschutz und W\u00e4rmeschutz f\u00fcr die Tauchg\u00e4nge ben\u00f6tigen.<\/p>\n<p>Dar\u00fcber hinaus ist der Kozumel perfekt f\u00fcr alle Wasseraktivit\u00e4ten geeignet, die einen m\u00e4\u00dfigen Schutz erfordern, wie z. B. Poolaktivit\u00e4ten, Schnorcheln und alle Wassersportarten.<\/p>\n<p>Eigenschaften:<\/p>\n<p>Shorty mit kurzen Armen und Beinen<br \/>\n2,3 mm dickes Neopren<br \/>\nR\u00fcckenrei\u00dfverschluss<br \/>\nKlettverschluss am Hals<br \/>\nThermo-Dynamic-Eins\u00e4tze auf Brust und R\u00fccken<br \/>\nFlache durchgehende N\u00e4hte mit Antischeuerfaden<\/p>\n","protected":false},"excerpt":{"rendered":"<p>Der Shorty Kozumel ist die Shorty-Version in der TDS-Kollektion von Anz\u00fcgen zum Tauchen in warmen Gew\u00e4ssern.<\/p>\n<p>Bestellware: Lieferzeit 7-10 Tage!<\/p>\n","protected":false},"featured_media":809,"comment_status":"open","ping_status":"closed","template":"","meta":{"ocean_post_layout":"","ocean_both_sidebars_style":"","ocean_both_sidebars_content_width":0,"ocean_both_sidebars_sidebars_width":0,"ocean_sidebar":"","ocean_second_sidebar":"","ocean_disable_margins":"enable","ocean_add_body_class":"","ocean_shortcode_before_top_bar":"","ocean_shortcode_after_top_bar":"","ocean_shortcode_before_header":"","ocean_shortcode_after_header":"","ocean_has_shortcode":"","ocean_shortcode_after_title":"","ocean_shortcode_before_footer_widgets":"","ocean_shortcode_after_footer_widgets":"","ocean_shortcode_before_footer_bottom":"","ocean_shortcode_after_footer_bottom":"","ocean_display_top_bar":"default","ocean_display_header":"default","ocean_header_style":"","ocean_center_header_left_menu":"","ocean_custom_header_template":"","ocean_custom_logo":0,"ocean_custom_retina_logo":0,"ocean_custom_logo_max_width":0,"ocean_custom_logo_tablet_max_width":0,"ocean_custom_logo_mobile_max_width":0,"ocean_custom_logo_max_height":0,"ocean_custom_logo_tablet_max_height":0,"ocean_custom_logo_mobile_max_height":0,"ocean_header_custom_menu":"","ocean_menu_typo_font_family":"","ocean_menu_typo_font_subset":"","ocean_menu_typo_font_size":0,"ocean_menu_typo_font_size_tablet":0,"ocean_menu_typo_font_size_mobile":0,"ocean_menu_typo_font_size_unit":"px","ocean_menu_typo_font_weight":"","ocean_menu_typo_font_weight_tablet":"","ocean_menu_typo_font_weight_mobile":"","ocean_menu_typo_transform":"","ocean_menu_typo_transform_tablet":"","ocean_menu_typo_transform_mobile":"","ocean_menu_typo_line_height":0,"ocean_menu_typo_line_height_tablet":0,"ocean_menu_typo_line_height_mobile":0,"ocean_menu_typo_line_height_unit":"","ocean_menu_typo_spacing":0,"ocean_menu_typo_spacing_tablet":0,"ocean_menu_typo_spacing_mobile":0,"ocean_menu_typo_spacing_unit":"","ocean_menu_link_color":"","ocean_menu_link_color_hover":"","ocean_menu_link_color_active":"","ocean_menu_link_background":"","ocean_menu_link_hover_background":"","ocean_menu_link_active_background":"","ocean_menu_social_links_bg":"","ocean_menu_social_hover_links_bg":"","ocean_menu_social_links_color":"","ocean_menu_social_hover_links_color":"","ocean_disable_title":"default","ocean_disable_heading":"default","ocean_post_title":"","ocean_post_subheading":"","ocean_post_title_style":"","ocean_post_title_background_color":"","ocean_post_title_background":0,"ocean_post_title_bg_image_position":"","ocean_post_title_bg_image_attachment":"","ocean_post_title_bg_image_repeat":"","ocean_post_title_bg_image_size":"","ocean_post_title_height":0,"ocean_post_title_bg_overlay":0.5,"ocean_post_title_bg_overlay_color":"","ocean_disable_breadcrumbs":"default","ocean_breadcrumbs_color":"","ocean_breadcrumbs_separator_color":"","ocean_breadcrumbs_links_color":"","ocean_breadcrumbs_links_hover_color":"","ocean_display_footer_widgets":"default","ocean_display_footer_bottom":"default","ocean_custom_footer_template":""},"product_brand":[],"product_cat":[15,107,108],"product_tag":[],"class_list":{"0":"post-798","1":"product","2":"type-product","3":"status-publish","4":"has-post-thumbnail","6":"product_cat-alle-produkte","7":"product_cat-anzuege","8":"product_cat-nassanzuege","9":"product_shipping_class-bis-5-kg","11":"entry","12":"has-media","14":"first","15":"instock","16":"taxable","17":"shipping-taxable","18":"purchasable","19":"product-type-variable","20":"has-product-nav","21":"col","22":"span_1_of_3","23":"owp-content-center","24":"owp-thumbs-layout-horizontal","25":"owp-btn-normal","26":"owp-tabs-layout-horizontal"},"jetpack_sharing_enabled":true,"_links":{"self":[{"href":"https:\/\/tauchschule-bayern.de\/wordpress\/wp-json\/wp\/v2\/product\/798","targetHints":{"allow":["GET"]}}],"collection":[{"href":"https:\/\/tauchschule-bayern.de\/wordpress\/wp-json\/wp\/v2\/product"}],"about":[{"href":"https:\/\/tauchschule-bayern.de\/wordpress\/wp-json\/wp\/v2\/types\/product"}],"replies":[{"embeddable":true,"href":"https:\/\/tauchschule-bayern.de\/wordpress\/wp-json\/wp\/v2\/comments?post=798"}],"wp:featuredmedia":[{"embeddable":true,"href":"https:\/\/tauchschule-bayern.de\/wordpress\/wp-json\/wp\/v2\/media\/809"}],"wp:attachment":[{"href":"https:\/\/tauchschule-bayern.de\/wordpress\/wp-json\/wp\/v2\/media?parent=798"}],"wp:term":[{"taxonomy":"product_brand","embeddable":true,"href":"https:\/\/tauchschule-bayern.de\/wordpress\/wp-json\/wp\/v2\/product_brand?post=798"},{"taxonomy":"product_cat","embeddable":true,"href":"https:\/\/tauchschule-bayern.de\/wordpress\/wp-json\/wp\/v2\/product_cat?post=798"},{"taxonomy":"product_tag","embeddable":true,"href":"https:\/\/tauchschule-bayern.de\/wordpress\/wp-json\/wp\/v2\/product_tag?post=798"}],"curies":[{"name":"wp","href":"https:\/\/api.w.org\/{rel}","templated":true}]}}